{"id":1631,"date":"2021-03-24T14:58:58","date_gmt":"2021-03-24T13:58:58","guid":{"rendered":"https:\/\/www.sustsol.com\/datenschutz\/"},"modified":"2023-07-24T08:02:02","modified_gmt":"2023-07-24T06:02:02","slug":"data-protection","status":"publish","type":"page","link":"https:\/\/www.sustsol.com\/en\/data-protection\/","title":{"rendered":"Data protection declaration"},"content":{"rendered":"<style>.kb-row-layout-id_819b6f-2d > .kt-row-column-wrap{align-content:start;}:where(.kb-row-layout-id_819b6f-2d > .kt-row-column-wrap) > .wp-block-kadence-column{justify-content:start;}.kb-row-layout-id_819b6f-2d > .kt-row-column-wrap{column-gap:var(--global-kb-gap-md, 2rem);row-gap:var(--global-kb-gap-md, 2rem);padding-top:var(--global-kb-spacing-sm, 1.5rem);padding-bottom:var(--global-kb-spacing-sm, 1.5rem);grid-template-columns:minmax(0, 1fr);}.kb-row-layout-id_819b6f-2d > .kt-row-layout-overlay{opacity:0.30;}@media all and (max-width: 1024px){.kb-row-layout-id_819b6f-2d > .kt-row-column-wrap{grid-template-columns:minmax(0, 1fr);}}@media all and (max-width: 767px){.kb-row-layout-id_819b6f-2d > .kt-row-column-wrap{grid-template-columns:minmax(0, 1fr);}}<\/style><div class=\"kb-row-layout-wrap kb-row-layout-id_819b6f-2d alignnone wp-block-kadence-rowlayout\"><div class=\"kt-row-column-wrap kt-has-1-columns kt-row-layout-equal kt-tab-layout-inherit kt-mobile-layout-row kt-row-valign-top\">\n<style>.kadence-column_876edb-b9 > .kt-inside-inner-col,.kadence-column_876edb-b9 > .kt-inside-inner-col:before{border-top-left-radius:0px;border-top-right-radius:0px;border-bottom-right-radius:0px;border-bottom-left-radius:0px;}.kadence-column_876edb-b9 > .kt-inside-inner-col{column-gap:var(--global-kb-gap-sm, 1rem);}.kadence-column_876edb-b9 > .kt-inside-inner-col{flex-direction:column;}.kadence-column_876edb-b9 > .kt-inside-inner-col > .aligncenter{width:100%;}.kadence-column_876edb-b9 > .kt-inside-inner-col:before{opacity:0.3;}.kadence-column_876edb-b9{position:relative;}@media all and (max-width: 1024px){.kadence-column_876edb-b9 > .kt-inside-inner-col{flex-direction:column;justify-content:center;}}@media all and (max-width: 767px){.kadence-column_876edb-b9 > .kt-inside-inner-col{flex-direction:column;justify-content:center;}}<\/style>\n<div class=\"wp-block-kadence-column kadence-column_876edb-b9 inner-column-1\"><div class=\"kt-inside-inner-col\">\n<h2 class=\"wp-block-heading\">SustSol GmbH Data protection declaration<\/h2>\n\n\n\n<p><strong>Company name and contact details of those responsible<\/strong><\/p>\n\n\n\n<p><br><strong>SustSol GmbH<\/strong><br>Mariatroster Str. 378b\/7<br>8044 Graz<br>Austria<\/p>\n\n\n\n<p>Tel: +43 (0)660 885 1001<br>Mail: <a href=\"mailto:office@sustsol.com\">office@sustsol.com<\/a><\/p>\n\n\n\n<p>Regional court for ZRS Graz, FN 345553<br>UST-ID: ATU65805934<\/p>\n\n\n\n<p>Managing Directors: Ing. Karl R\u00f6\u00dfl, Michael Koller<\/p>\n\n\n\n<p><strong>Data protection officer<\/strong><\/p>\n\n\n\n<p><strong>derSchenner Consulting GmbH &amp; Co KG<\/strong><br>B\u00fcrgergasse 40, 8200 Gleisdorf<br>Ing. DI(FH) Harald Schenner, CMC, CDISE, CDC<br>Mail: <a href=\"mailto:dsba@derschenner.at\">dsba@derschenner.at<\/a><\/p>\n\n\n\n<p><strong>Contact via email or phone:<\/strong><\/p>\n\n\n\n<p>If you send us an email (or use our contact form on the homepage) or call us, the personal data you provide will be processed to answer and process your request or your order. We store the data for a period of 6 months. They will be deleted afterwards, unless the data is processed in accordance with the preparation of an offer or the placing of an order (see the following points). The legal basis for the processing of personal data for answering or processing your request is Art. 6 Para. 1 lit b GDPR.<\/p>\n\n\n\n<p><strong>Offer preparation:<\/strong><\/p>\n\n\n\n<p>Your data (name, address, telephone number, email address, or other data provided by you) will<br>be processed for the purpose of initiating a contract. This data is stored for a period of 10<br>years. The legal basis for the processing of personal data for contract initiation is Art. 6 Para.<br>1 lit b GDPR and Art. 6 Para. 1 lit f GDPR with regard to our storage period.<\/p>\n\n\n\n<p><strong>Order placement, order processing, invoicing:<\/strong><\/p>\n\n\n\n<p>Your data (name, address, telephone number, email address or other data provided by you) will be processed for the purpose of fulfilling the order. The documentation of the order and the invoicing (including delivery notes) are stored for a period of 10 years after the end of the business relationship. The legal basis for the processing of personal data for the fulfillment of the contract is<br>Art. 6 Para. 1 lit b GDPR or Art. 6 Para. 1 lit c and f GDPR with regard to storage duration.<\/p>\n\n\n\n<p><strong>Sub-contractorgnehmer<\/strong><\/p>\n\n\n\n<p>The sub-companies commissioned by us process parts of your order placed with us either under<br>the provisions of Art. 28 Para. 1 GDPR in compliance with a corresponding contract in<br>accordance with Art. 28 Para Accessories for order fulfilment can be seen), or pass on your<br>data to independent persons responsible, provided that your data are mere accessories for<br>order fulfilment.<\/p>\n\n\n\n<p>The legal basis for the processing of personal data for the fulfilment of the contract is Art. 6 Para. 1<br>lit b GDPR or Art. 6 Para. 1 lit c and f GDPR with regard to storage duration.<\/p>\n\n\n\n<p><strong>Recipient categories<\/strong><\/p>\n\n\n\n<p>We transmit data to the following categories of recipients, some of which correspond to the<br>definition of contract processors in accordance with Art. 28 Paragraph 1 GDPR (with<br>corresponding contracts in accordance with Art. 28 Paragraph 3 GDPR):<\/p>\n\n\n\n<p>Payroll accounting, bookkeeping, tax advice; IT and system administration; email, web and ICT<br>providers; Lawyers or debt collection service; Insurance companies (liability &#8211; claims settlement)<br>or all recipients of the data protection declaration mentioned above.<\/p>\n\n\n\n<p><strong>Use of the website and our online services<\/strong><\/p>\n\n\n\n<p><strong>Web server, IP address<\/strong><\/p>\n\n\n\n<p>The temporary storage of the IP address by the system is necessary to enable the website to be<br>delivered to the user&#8217;s computer. To do this, the user&#8217;s IP address must be stored for the duration<br>of the session.<\/p>\n\n\n\n<p>The following data is collected: the browser type and version used, the user&#8217;s operating system, the<br>user&#8217;s internet service provider, host name of the accessing computer, date and time of access,<br>websites from which the user&#8217;s system accessed our website as well as websites that are accessed<br>by the user&#8217;s system via our website.<\/p>\n\n\n\n<p>The storage in log files takes place in order to ensure the functionality of the website. In addition, we use the data to optimize the website and to ensure the security of our information technology systems. An evaluation of the data for marketing purposes does not take place in this context. This data is not merged with other data sources.<\/p>\n\n\n\n<p>The data is stored for a period of 3 months and then automatically deleted. The legal basis for processing the IP address is Article 6 Paragraph 1 Letter b GDPR. The storage of the data for the above period is subject to Art. 6 Paragraph 1 Letter f GDPR. <\/p>\n\n\n\n<p>We use TLS encryption to ensure that your visit to our website is tap-proof. You can recognize the<br>encrypted connection by the (green or gray) lock in the URL line or by the \u201chttps\u201d in front of our web address.<\/p>\n\n\n\n<p><strong>hCaptcha<\/strong><\/p>\n\n\n\n<p>To protect the contact forms from unwanted, automated messages, we use the hCaptcha service from Intuition Machines, Inc., San Francisco, USA. In accordance with the principle of data economy, only the data that is really necessary for the captchas to detect bots is collected. It is used on the basis of our legitimate interests in avoiding misuse and spam within the meaning of Article 6 (1) (f) GDPR. The hCaptcha privacy policy can be found at\u00a0<a rel=\"noreferrer noopener\" href=\"https:\/\/www.hcaptcha.com\/privacy\" target=\"_blank\">https:\/\/www.hcaptcha.com\/privacy<\/a><\/p>\n\n\n\n<p><strong>Use of cookies<\/strong><\/p>\n\n\n\n<p>Our website uses so-called &#8220;cookies&#8221;. Cookies do not damage your computer and do not contain viruses. Cookies serve to make our offer more user-friendly, more effective and safer. Cookies are small text files that are stored on your computer and saved by your browser. For example, your language settings and other user preferences are stored in the cookies so that they can be retained even after changing pages.<\/p>\n\n\n\n<p>Most of the cookies we use are so-called &#8220;session cookies&#8221;. They are automatically deleted at the end of your visit (the so-called &#8220;session&#8221;). Some cookies remain stored on your device until you delete them. They enable us to recognize your browser the next time you visit. If you do not want this, you can set up your browser so that it informs you about the setting of cookies and you only allow this in individual cases. Deactivating cookies may restrict the functionality of our website.<\/p>\n\n\n\n<p>The legal basis for the processing of personal data using the cookies described is Article 6 Paragraph 1 Letter f GDPR. Our legitimate interest in data processing lies in the technically error-free and optimized provision of our services.<\/p>\n\n\n\n<p><strong>Rights of the data subjec<\/strong>t<\/p>\n\n\n\n<p>We would like to point out that you as the data subject have the right to information, deletion, restriction, correction, objection and data portability, depending on the situation (and individual case) within the meaning of the GDPR. To exercise your rights, please contact the person responsible listed above. We would also like to responsible listed above. We would also like to point out that you have the right to lodge a complaint with the supervisory authority (data protection authority) if you believe that a data<br>protection violation has occurred on our part. We are of course always available for questions and<br>information.<\/p>\n<\/div><\/div>\n\n<\/div><\/div>","protected":false},"excerpt":{"rendered":"<p>SustSol GmbH Data protection declaration Company name and contact details of those responsible SustSol GmbHMariatroster Str. 378b\/78044 GrazAustria Tel: +43 (0)660 885 1001Mail: office@sustsol.com Regional court for ZRS Graz, FN 345553UST-ID: ATU65805934 Managing Directors: Ing. Karl R\u00f6\u00dfl, Michael Koller Data protection officer derSchenner Consulting GmbH &amp; Co KGB\u00fcrgergasse 40, 8200 GleisdorfIng. DI(FH) Harald Schenner, CMC, [&hellip;]<\/p>\n","protected":false},"author":1,"featured_media":0,"parent":0,"menu_order":0,"comment_status":"closed","ping_status":"open","template":"","meta":{"footnotes":""},"class_list":["post-1631","page","type-page","status-publish","hentry"],"_links":{"self":[{"href":"https:\/\/www.sustsol.com\/en\/wp-json\/wp\/v2\/pages\/1631","targetHints":{"allow":["GET"]}}],"collection":[{"href":"https:\/\/www.sustsol.com\/en\/wp-json\/wp\/v2\/pages"}],"about":[{"href":"https:\/\/www.sustsol.com\/en\/wp-json\/wp\/v2\/types\/page"}],"author":[{"embeddable":true,"href":"https:\/\/www.sustsol.com\/en\/wp-json\/wp\/v2\/users\/1"}],"replies":[{"embeddable":true,"href":"https:\/\/www.sustsol.com\/en\/wp-json\/wp\/v2\/comments?post=1631"}],"version-history":[{"count":3,"href":"https:\/\/www.sustsol.com\/en\/wp-json\/wp\/v2\/pages\/1631\/revisions"}],"predecessor-version":[{"id":1701,"href":"https:\/\/www.sustsol.com\/en\/wp-json\/wp\/v2\/pages\/1631\/revisions\/1701"}],"wp:attachment":[{"href":"https:\/\/www.sustsol.com\/en\/wp-json\/wp\/v2\/media?parent=1631"}],"curies":[{"name":"wp","href":"https:\/\/api.w.org\/{rel}","templated":true}]}}